{"id":1185,"date":"2025-12-14T00:44:44","date_gmt":"2025-12-14T00:44:44","guid":{"rendered":"https:\/\/rosybrown-gnat-409477.hostingersite.com\/about-2\/"},"modified":"2025-12-23T00:27:03","modified_gmt":"2025-12-23T00:27:03","slug":"about-2","status":"publish","type":"page","link":"https:\/\/italopacheco.com.br\/?page_id=1185","title":{"rendered":"Sobre mim"},"content":{"rendered":"\n<div class=\"wp-block-uagb-container uagb-layout-grid uagb-block-80a45300 alignfull uagb-is-root-container\">\n<div class=\"wp-block-uagb-advanced-heading uagb-block-c058df85\"><h1 class=\"uagb-heading-text\"><strong>Sobre mim<\/strong><\/h1><\/div>\n<\/div>\n\n\n\n<div class=\"wp-block-uagb-container uagb-block-e7f18e9f alignfull uagb-is-root-container\"><div class=\"uagb-container-inner-blocks-wrap\">\n<div data-aos= \"fade\" data-aos-duration=\"400\" data-aos-delay=\"0\" data-aos-easing=\"ease\" data-aos-once=\"true\" class=\"wp-block-uagb-container uagb-block-9f59cdfd\">\n<div class=\"wp-block-uagb-info-box uagb-block-01da6c10 uagb-infobox__content-wrap  uagb-infobox-icon-above-title uagb-infobox-image-valign-top\"><div class=\"uagb-ifb-content\"><div class=\"uagb-ifb-title-wrap\"><span class=\"uagb-ifb-title-prefix\">ITALO PACHECO<\/span><h2 class=\"uagb-ifb-title\">O Direito n\u00e3o \u00e9 apenas minha profiss\u00e3o, \u00e9 o meu prop\u00f3sito.<\/h2><\/div><p class=\"uagb-ifb-desc\">Minha trajet\u00f3ria na advocacia come\u00e7ou muito antes da faculdade. Nasceu de um sonho de inf\u00e2ncia, compartilhado e nutrido pelos meus pais. Quando me formei em 2012, com muito orgulho da minha dedica\u00e7\u00e3o acad\u00eamica, senti que estava cumprindo uma promessa.<br>Por\u00e9m, a vida nos apresenta roteiros que n\u00e3o controlamos. Em 2013, perdi meu pai \u2014 meu alicerce e maior incentivador. O luto trouxe um per\u00edodo de escurid\u00e3o e desafios emocionais que durou at\u00e9 2016. Foi um tempo de sil\u00eancio, mas tamb\u00e9m de transforma\u00e7\u00e3o interna profunda.<br>Foi na minha maior fragilidade que encontrei minha maior for\u00e7a. Transformei a dor em combust\u00edvel para lutar por justi\u00e7a. Dei a volta por cima e entendi que um advogado precisa ter vivido e superado batalhas para defender verdadeiramente as batalhas dos outros.<br>Hoje, apesar dos desafios do cen\u00e1rio jur\u00eddico atual, sinto que minha caminhada \u00e9 diferenciada. N\u00e3o caminho sozinho; tenho uma f\u00e9 inabal\u00e1vel e um Deus que vai \u00e0 minha frente em cada causa que assumo.<br>Sou advogado por amor e voca\u00e7\u00e3o. Tudo o que sou, e cada vit\u00f3ria que conquisto para meus clientes, dedico \u00c0quele que me permitiu&nbsp;recome\u00e7ar.<\/p><div class=\"uagb-ifb-separator\"><\/div><\/div><\/div>\n<\/div>\n\n\n\n<div data-aos= \"fade\" data-aos-duration=\"400\" data-aos-delay=\"0\" data-aos-easing=\"ease\" data-aos-once=\"true\" class=\"wp-block-uagb-container uagb-block-567da41c\">\n<div data-aos= \"fade\" data-aos-duration=\"400\" data-aos-delay=\"0\" data-aos-easing=\"ease\" data-aos-once=\"true\" class=\"wp-block-uagb-image uagb-block-ae49518d wp-block-uagb-image--layout-default wp-block-uagb-image--effect-static wp-block-uagb-image--align-none\"><figure class=\"wp-block-uagb-image__figure\"><img decoding=\"async\" srcset=\"https:\/\/italopacheco.com.br\/wp-content\/uploads\/2025\/12\/IMG_0699.jpeg ,https:\/\/italopacheco.com.br\/wp-content\/uploads\/2025\/12\/IMG_0699.jpeg 780w, https:\/\/italopacheco.com.br\/wp-content\/uploads\/2025\/12\/IMG_0699.jpeg 360w\" sizes=\"auto, (max-width: 480px) 150px\" src=\"https:\/\/italopacheco.com.br\/wp-content\/uploads\/2025\/12\/IMG_0699.jpeg\" alt=\"img 0699\" class=\"uag-image-1224\" width=\"407\" height=\"558\" title=\"img 0699\" loading=\"lazy\" role=\"img\"\/><\/figure><\/div>\n<\/div>\n<\/div><\/div>\n\n\n\n<div class=\"wp-block-uagb-container uagb-block-ca06ae72 alignfull uagb-is-root-container\"><div class=\"uagb-container-inner-blocks-wrap\">\n<div data-aos= \"fade-up\" data-aos-duration=\"400\" data-aos-delay=\"0\" data-aos-easing=\"ease\" data-aos-once=\"true\" class=\"wp-block-uagb-info-box uagb-block-6b6433c6 uagb-infobox__content-wrap  uagb-infobox-icon-above-title uagb-infobox-image-valign-top\"><div class=\"uagb-ifb-content\"><div class=\"uagb-ifb-icon-wrap\"><svg xmlns=\"https:\/\/www.w3.org\/2000\/svg\" viewBox=\"0 0 512 512\"><path d=\"M45.63 79.75L52 81.25v58.5C45 143.9 40 151.3 40 160c0 8.375 4.625 15.38 11.12 19.75L35.5 242C33.75 248.9 37.63 256 43.13 256h41.75c5.5 0 9.375-7.125 7.625-13.1L76.88 179.8C83.38 175.4 88 168.4 88 160c0-8.75-5-16.12-12-20.25V87.13L128 99.63l.001 60.37c0 70.75 57.25 128 128 128s127.1-57.25 127.1-128L384 99.62l82.25-19.87c18.25-4.375 18.25-27 0-31.5l-190.4-46c-13-3-26.62-3-39.63 0l-190.6 46C27.5 52.63 27.5 75.38 45.63 79.75zM359.2 312.8l-103.2 103.2l-103.2-103.2c-69.93 22.3-120.8 87.2-120.8 164.5C32 496.5 47.53 512 66.67 512h378.7C464.5 512 480 496.5 480 477.3C480 400 429.1 335.1 359.2 312.8z\"><\/path><\/svg><\/div><div class=\"uagb-ifb-title-wrap\"><h5 class=\"uagb-ifb-title\">Advogado qualificado<\/h5><\/div><p class=\"uagb-ifb-desc\">A qualifica\u00e7\u00e3o t\u00e9cnica \u00e9 a base inegoci\u00e1vel: \u00e9 o dom\u00ednio profundo da jurisprud\u00eancia, a precis\u00e3o cir\u00fargica no manejo dos prazos e a capacidade de encontrar a solu\u00e7\u00e3o legal mais eficiente. Essa \u00e9 a firmeza que garante que cada passo seja dado com autoridade e conhecimento de causa<\/p><\/div><\/div>\n\n\n\n<div data-aos= \"fade-up\" data-aos-duration=\"400\" data-aos-delay=\"0\" data-aos-easing=\"ease\" data-aos-once=\"true\" class=\"wp-block-uagb-info-box uagb-block-2a72fd81 uagb-infobox__content-wrap  uagb-infobox-icon-above-title uagb-infobox-image-valign-top\"><div class=\"uagb-ifb-content\"><div class=\"uagb-ifb-icon-wrap\"><svg xmlns=\"https:\/\/www.w3.org\/2000\/svg\" viewBox=\"0 0 640 512\"><path d=\"M554.9 154.5c-17.62-35.25-68.12-35.38-85.87 0c-87 174.3-84.1 165.9-84.1 181.5c0 44.13 57.25 80 128 80s127.1-35.88 127.1-80C639.1 319.9 641.4 327.3 554.9 154.5zM439.1 320l71.96-144l72.17 144H439.1zM256 336c0-16.12 1.375-8.75-85.12-181.5c-17.62-35.25-68.12-35.38-85.87 0c-87 174.3-84.1 165.9-84.1 181.5c0 44.13 57.25 80 127.1 80S256 380.1 256 336zM127.9 176L200.1 320H55.96L127.9 176zM495.1 448h-143.1V153.3C375.5 143 393.1 121.8 398.4 96h113.6c17.67 0 31.1-14.33 31.1-32s-14.33-32-31.1-32h-128.4c-14.62-19.38-37.5-32-63.62-32S270.1 12.62 256.4 32H128C110.3 32 96 46.33 96 64S110.3 96 127.1 96h113.6c5.25 25.75 22.87 47 46.37 57.25V448H144c-26.51 0-48.01 21.49-48.01 48c0 8.836 7.165 16 16 16h416c8.836 0 16-7.164 16-16C544 469.5 522.5 448 495.1 448z\"><\/path><\/svg><\/div><div class=\"uagb-ifb-title-wrap\"><h5 class=\"uagb-ifb-title\">Mais de 10 anos de experi\u00eancia<\/h5><\/div><p class=\"uagb-ifb-desc\">Mais de uma d\u00e9cada no campo de batalha jur\u00eddico \u00e9 a garantia de que voc\u00ea n\u00e3o est\u00e1 apenas contratando um advogado, mas um estratega testado e aprovado.<\/p><\/div><\/div>\n\n\n\n<div data-aos= \"fade-up\" data-aos-duration=\"400\" data-aos-delay=\"0\" data-aos-easing=\"ease\" data-aos-once=\"true\" class=\"wp-block-uagb-info-box uagb-block-1dd8387e uagb-infobox__content-wrap  uagb-infobox-icon-above-title uagb-infobox-image-valign-top\"><div class=\"uagb-ifb-content\"><div class=\"uagb-ifb-icon-wrap\"><svg xmlns=\"https:\/\/www.w3.org\/2000\/svg\" viewBox=\"0 0 384 512\"><path d=\"M288 358.3c13.98-8.088 17.53-30.04 28.88-41.39c11.35-11.35 33.3-14.88 41.39-28.87c7.98-13.79 .1658-34.54 4.373-50.29C366.7 222.5 383.1 208.5 383.1 192c0-16.5-17.27-30.52-21.34-45.73c-4.207-15.75 3.612-36.5-4.365-50.29c-8.086-13.98-30.03-17.52-41.38-28.87c-11.35-11.35-14.89-33.3-28.87-41.39c-13.79-7.979-34.54-.1637-50.29-4.375C222.5 17.27 208.5 0 192 0C175.5 0 161.5 17.27 146.3 21.34C130.5 25.54 109.8 17.73 95.98 25.7C82 33.79 78.46 55.74 67.11 67.08C55.77 78.43 33.81 81.97 25.72 95.95C17.74 109.7 25.56 130.5 21.35 146.2C17.27 161.5 .0008 175.5 .0008 192c0 16.5 17.27 30.52 21.34 45.73c4.207 15.75-3.615 36.5 4.361 50.29C33.8 302 55.74 305.5 67.08 316.9c11.35 11.35 14.89 33.3 28.88 41.4c13.79 7.979 34.53 .1582 50.28 4.369C161.5 366.7 175.5 384 192 384c16.5 0 30.52-17.27 45.74-21.34C253.5 358.5 274.2 366.3 288 358.3zM112 192c0-44.27 35.81-80 80-80s80 35.73 80 80c0 44.17-35.81 80-80 80S112 236.2 112 192zM1.719 433.2c-3.25 8.188-1.781 17.48 3.875 24.25c5.656 6.75 14.53 9.898 23.12 8.148l45.19-9.035l21.43 42.27C99.46 507 107.6 512 116.7 512c.3438 0 .6641-.0117 1.008-.0273c9.5-.375 17.65-6.082 21.24-14.88l33.58-82.08c-53.71-4.639-102-28.12-138.2-63.95L1.719 433.2zM349.6 351.1c-36.15 35.83-84.45 59.31-138.2 63.95l33.58 82.08c3.594 8.797 11.74 14.5 21.24 14.88C266.6 511.1 266.1 512 267.3 512c9.094 0 17.23-4.973 21.35-13.14l21.43-42.28l45.19 9.035c8.594 1.75 17.47-1.398 23.12-8.148c5.656-6.766 7.125-16.06 3.875-24.25L349.6 351.1z\"><\/path><\/svg><\/div><div class=\"uagb-ifb-title-wrap\"><h5 class=\"uagb-ifb-title\">Olhar emp\u00e1tico, atendimento resiliente. <\/h5><\/div><p class=\"uagb-ifb-desc\">Olhar Emp\u00e1tico, Atendimento Resiliente: A sensibilidade de quem entende sua hist\u00f3ria e a coragem de quem j\u00e1 venceu adversidades.<\/p><\/div><\/div>\n<\/div><\/div>\n\n\n\n<div class=\"wp-block-uagb-container uagb-block-d0aad595 alignfull uagb-is-root-container\"><div class=\"uagb-container-inner-blocks-wrap\">\n<div class=\"wp-block-group is-content-justification-left is-layout-flex wp-container-core-group-is-layout-bc8e6f51 wp-block-group-is-layout-flex\">\n<div class=\"wp-block-uagb-container uagb-block-358ac95a\">\n<div data-aos= \"fade-down\" data-aos-duration=\"400\" data-aos-delay=\"0\" data-aos-easing=\"ease\" data-aos-once=\"true\" class=\"wp-block-uagb-info-box uagb-block-0dfd666b uagb-infobox__content-wrap  uagb-infobox-icon-below-title uagb-infobox-image-valign-top\"><div class=\"uagb-ifb-content\"><div class=\"uagb-ifb-title-wrap\"><h1 class=\"uagb-ifb-title-prefix\">Uma Trajet\u00f3ria de Dedica\u00e7\u00e3o ao Direito<\/h1><h3 class=\"uagb-ifb-title\">Forma\u00e7\u00e3o acad\u00eamica<\/h3><\/div><\/div><\/div>\n\n\n\n<div class=\"wp-block-group is-layout-constrained wp-block-group-is-layout-constrained\">\n<div data-aos= \"fade-down\" data-aos-duration=\"400\" data-aos-delay=\"0\" data-aos-easing=\"ease\" data-aos-once=\"true\" class=\"wp-block-uagb-info-box uagb-block-21c4e880 uagb-infobox__content-wrap  uagb-infobox-icon-left uagb-infobox-left uagb-infobox-image-valign-top\"><div class=\"uagb-ifb-icon-wrap\"><svg xmlns=\"https:\/\/www.w3.org\/2000\/svg\" viewBox=\"0 0 640 512\"><path d=\"M623.1 136.9l-282.7-101.2c-13.73-4.91-28.7-4.91-42.43 0L16.05 136.9C6.438 140.4 0 149.6 0 160s6.438 19.65 16.05 23.09L76.07 204.6c-11.89 15.8-20.26 34.16-24.55 53.95C40.05 263.4 32 274.8 32 288c0 9.953 4.814 18.49 11.94 24.36l-24.83 149C17.48 471.1 25 480 34.89 480H93.11c9.887 0 17.41-8.879 15.78-18.63l-24.83-149C91.19 306.5 96 297.1 96 288c0-10.29-5.174-19.03-12.72-24.89c4.252-17.76 12.88-33.82 24.94-47.03l190.6 68.23c13.73 4.91 28.7 4.91 42.43 0l282.7-101.2C633.6 179.6 640 170.4 640 160S633.6 140.4 623.1 136.9zM351.1 314.4C341.7 318.1 330.9 320 320 320c-10.92 0-21.69-1.867-32-5.555L142.8 262.5L128 405.3C128 446.6 213.1 480 320 480c105.1 0 192-33.4 192-74.67l-14.78-142.9L351.1 314.4z\"><\/path><\/svg><\/div><div class=\"uagb-ifb-content\"><div class=\"uagb-ifb-title-wrap\"><h4 class=\"uagb-ifb-title-prefix\">Bacharel em Direito<\/h4><p class=\"uagb-ifb-title\"><strong>P\u00f3s-gradua\u00e7\u00f5es<\/strong><\/p><\/div><p class=\"uagb-ifb-desc\">Especialista em Direito Processual Civil<br>Especialista em Direito Previdenci\u00e1rio<br>Especialista em Direito e Processo do Trabalho<br>Especialista em Direito de Fam\u00edlia e Sucess\u00f3rio <\/p><div class=\"uagb-ifb-separator\"><\/div><\/div><\/div>\n<\/div>\n<\/div>\n\n\n\n<div class=\"wp-block-uagb-container uagb-block-07bf7793\">\n<div class=\"wp-block-group is-layout-constrained wp-block-group-is-layout-constrained\">\n<div data-aos= \"fade-down\" data-aos-duration=\"400\" data-aos-delay=\"0\" data-aos-easing=\"ease\" data-aos-once=\"true\" class=\"wp-block-uagb-info-box uagb-block-00473a83 uagb-infobox__content-wrap  uagb-infobox-icon-above-title uagb-infobox-image-valign-top\"><div class=\"uagb-ifb-content\"><div class=\"uagb-ifb-title-wrap\"><h3 class=\"uagb-ifb-title\">Trajet\u00f3ria<\/h3><\/div><p class=\"uagb-ifb-desc\">Minha jornada jur\u00eddica come\u00e7ou em 2012, ano em que conclu\u00ed minha gradua\u00e7\u00e3o. Desde ent\u00e3o, a busca pelo saber nunca cessou. Acredito que o bom advogado deve ser um eterno estudante, e foi esse pensamento que me guiou atrav\u00e9s de quatro p\u00f3s-gradua\u00e7\u00f5es distintas.<br>Mergulhei no Direito Processual Civil para dominar as t\u00e9cnicas dos tribunais; especializei-me em Direito do Trabalho e Previdenci\u00e1rio para proteger direitos sociais fundamentais; e aprofundei-me em Direito de Fam\u00edlia e Sucess\u00f5es para lidar com as quest\u00f5es mais humanas da vida civil. Essa combina\u00e7\u00e3o de saberes \u00e9 o que me permite hoje oferecer uma advocacia humanizada, t\u00e9cnica e eficiente.<\/p><\/div><\/div>\n<\/div>\n<\/div>\n<\/div>\n<\/div><\/div>\n","protected":false},"excerpt":{"rendered":"<p>Sobre mim<\/p>\n","protected":false},"author":1,"featured_media":0,"parent":0,"menu_order":0,"comment_status":"closed","ping_status":"closed","template":"","meta":{"om_disable_all_campaigns":false,"_uag_custom_page_level_css":"","_monsterinsights_skip_tracking":false,"_monsterinsights_sitenote_active":false,"_monsterinsights_sitenote_note":"","_monsterinsights_sitenote_category":0,"site-sidebar-layout":"no-sidebar","site-content-layout":"plain-container","ast-site-content-layout":"normal-width-container","site-content-style":"unboxed","site-sidebar-style":"unboxed","ast-global-header-display":"","ast-banner-title-visibility":"","ast-main-header-display":"","ast-hfb-above-header-display":"","ast-hfb-below-header-display":"","ast-hfb-mobile-header-display":"","site-post-title":"disabled","ast-breadcrumbs-content":"","ast-featured-img":"disabled","footer-sml-layout":"","ast-disable-related-posts":"","theme-transparent-header-meta":"enabled","adv-header-id-meta":"","stick-header-meta":"","header-above-stick-meta":"","header-main-stick-meta":"","header-below-stick-meta":"","astra-migrate-meta-layouts":"set","ast-page-background-enabled":"default","ast-page-background-meta":{"desktop":{"background-color":"var(--ast-global-color-4)","background-image":"","background-repeat":"repeat","background-position":"center center","background-size":"auto","background-attachment":"scroll","background-type":"","background-media":"","overlay-type":"","overlay-color":"","overlay-opacity":"","overlay-gradient":""},"tablet":{"background-color":"","background-image":"","background-repeat":"repeat","background-position":"center center","background-size":"auto","background-attachment":"scroll","background-type":"","background-media":"","overlay-type":"","overlay-color":"","overlay-opacity":"","overlay-gradient":""},"mobile":{"background-color":"","background-image":"","background-repeat":"repeat","background-position":"center center","background-size":"auto","background-attachment":"scroll","background-type":"","background-media":"","overlay-type":"","overlay-color":"","overlay-opacity":"","overlay-gradient":""}},"ast-content-background-meta":{"desktop":{"background-color":"var(--ast-global-color-5)","background-image":"","background-repeat":"repeat","background-position":"center center","background-size":"auto","background-attachment":"scroll","background-type":"","background-media":"","overlay-type":"","overlay-color":"","overlay-opacity":"","overlay-gradient":""},"tablet":{"background-color":"var(--ast-global-color-5)","background-image":"","background-repeat":"repeat","background-position":"center center","background-size":"auto","background-attachment":"scroll","background-type":"","background-media":"","overlay-type":"","overlay-color":"","overlay-opacity":"","overlay-gradient":""},"mobile":{"background-color":"var(--ast-global-color-5)","background-image":"","background-repeat":"repeat","background-position":"center center","background-size":"auto","background-attachment":"scroll","background-type":"","background-media":"","overlay-type":"","overlay-color":"","overlay-opacity":"","overlay-gradient":""}},"footnotes":""},"class_list":["post-1185","page","type-page","status-publish","hentry"],"aioseo_notices":[],"_hostinger_reach_plugin_has_subscription_block":false,"_hostinger_reach_plugin_is_elementor":false,"uagb_featured_image_src":{"full":false,"thumbnail":false,"medium":false,"medium_large":false,"large":false,"1536x1536":false,"2048x2048":false},"uagb_author_info":{"display_name":"gadrekarina@gmail.com","author_link":"https:\/\/italopacheco.com.br\/?author=1"},"uagb_comment_info":0,"uagb_excerpt":"Sobre mim","_links":{"self":[{"href":"https:\/\/italopacheco.com.br\/index.php?rest_route=\/wp\/v2\/pages\/1185","targetHints":{"allow":["GET"]}}],"collection":[{"href":"https:\/\/italopacheco.com.br\/index.php?rest_route=\/wp\/v2\/pages"}],"about":[{"href":"https:\/\/italopacheco.com.br\/index.php?rest_route=\/wp\/v2\/types\/page"}],"author":[{"embeddable":true,"href":"https:\/\/italopacheco.com.br\/index.php?rest_route=\/wp\/v2\/users\/1"}],"replies":[{"embeddable":true,"href":"https:\/\/italopacheco.com.br\/index.php?rest_route=%2Fwp%2Fv2%2Fcomments&post=1185"}],"version-history":[{"count":46,"href":"https:\/\/italopacheco.com.br\/index.php?rest_route=\/wp\/v2\/pages\/1185\/revisions"}],"predecessor-version":[{"id":1483,"href":"https:\/\/italopacheco.com.br\/index.php?rest_route=\/wp\/v2\/pages\/1185\/revisions\/1483"}],"wp:attachment":[{"href":"https:\/\/italopacheco.com.br\/index.php?rest_route=%2Fwp%2Fv2%2Fmedia&parent=1185"}],"curies":[{"name":"wp","href":"https:\/\/api.w.org\/{rel}","templated":true}]}}