{"id":1186,"date":"2025-12-14T00:44:44","date_gmt":"2025-12-14T00:44:44","guid":{"rendered":"https:\/\/rosybrown-gnat-409477.hostingersite.com\/practice-area-2\/"},"modified":"2026-01-09T05:58:03","modified_gmt":"2026-01-09T05:58:03","slug":"practice-area-2","status":"publish","type":"page","link":"https:\/\/italopacheco.com.br\/?page_id=1186","title":{"rendered":"\u00c1reas de atua\u00e7\u00e3o"},"content":{"rendered":"\n<div class=\"wp-block-uagb-container uagb-block-4458f786 alignfull uagb-is-root-container\">\n<div class=\"wp-block-uagb-advanced-heading uagb-block-5e509682\"><h1 class=\"uagb-heading-text\">\u00c1reas de atua\u00e7\u00e3o<\/h1><\/div>\n<\/div>\n\n\n\n<div data-aos= \"fade-down\" data-aos-duration=\"400\" data-aos-delay=\"0\" data-aos-easing=\"ease\" data-aos-once=\"true\" class=\"wp-block-uagb-container uagb-layout-grid uagb-block-100c4293 alignfull uagb-is-root-container\"><div class=\"uagb-container-inner-blocks-wrap\">\n<div class=\"wp-block-uagb-advanced-heading uagb-block-09b917d6\"><h2 class=\"uagb-heading-text\">Porqu\u00ea voc\u00ea precisa de um bom advogado?<\/h2><\/div>\n\n\n\n<div class=\"wp-block-uagb-container uagb-block-623eb929\">\n<div class=\"wp-block-uagb-advanced-heading uagb-block-5c36e592\"><p class=\"uagb-desc-text\">&#8220;A lei \u00e9 fria, mas a vida n\u00e3o&#8221; <br>O sistema judici\u00e1rio \u00e9 feito de pap\u00e9is, prazos e normas r\u00edgidas. No entanto, o seu problema \u00e9 feito de noites mal dormidas, ang\u00fastia e esperan\u00e7a.<\/p><\/div>\n\n\n\n<div class=\"wp-block-uagb-advanced-heading uagb-block-91028433\"><p class=\"uagb-desc-text\">Um advogado emp\u00e1tico n\u00e3o v\u00ea apenas um &#8220;n\u00famero de processo&#8221;. Ele enxerga a hist\u00f3ria por tr\u00e1s dele. Ele tem a sensibilidade de ouvir o que n\u00e3o foi dito e de traduzir a sua dor em argumentos jur\u00eddicos que o juiz precisa ouvir.<\/p><\/div>\n<\/div>\n<\/div><\/div>\n\n\n\n<div class=\"wp-block-uagb-container uagb-block-01a4bbff alignfull uagb-is-root-container\"><div class=\"uagb-container-inner-blocks-wrap\">\n<div data-aos= \"fade-down\" data-aos-duration=\"400\" data-aos-delay=\"0\" data-aos-easing=\"ease\" data-aos-once=\"true\" class=\"wp-block-uagb-info-box uagb-block-1e8088a7 uagb-infobox__content-wrap  uagb-infobox-icon-above-title uagb-infobox-image-valign-top\"><div class=\"uagb-ifb-content\"><div class=\"uagb-ifb-title-wrap\"><span class=\"uagb-ifb-title-prefix\">No que somos melhores<\/span><h2 class=\"uagb-ifb-title\">\u00c1reas do direito que praticamos<\/h2><\/div><\/div><\/div>\n\n\n\n<div class=\"wp-block-uagb-container uagb-layout-grid uagb-block-1def2765\">\n<div class=\"wp-block-uagb-container uagb-block-6c8ffb0c\">\n<div data-aos= \"fade-left\" data-aos-duration=\"400\" data-aos-delay=\"0\" data-aos-easing=\"ease\" data-aos-once=\"true\" class=\"wp-block-uagb-info-box uagb-block-d88aba0a uagb-infobox__content-wrap  uagb-infobox-icon-above-title uagb-infobox-image-valign-top\"><div class=\"uagb-ifb-content\"><div class=\"uagb-ifb-icon-wrap\"><svg xmlns=\"https:\/\/www.w3.org\/2000\/svg\" viewBox=\"0 0 512 512\"><path d=\"M256 287.4V32c0-17.67-14.31-32-32-32S192 14.33 192 32v216.3C218.7 248.4 243.7 263.1 256 287.4zM170.8 251.2c2.514-.7734 5.043-1.027 7.57-1.516L93.41 51.39C88.21 39.25 76.34 31.97 63.97 31.97c-20.97 0-31.97 18.01-31.97 32.04c0 4.207 .8349 8.483 2.599 12.6l81.97 191.3L170.8 251.2zM416 224c-17.69 0-32 14.33-32 32v64c0 17.67 14.31 32 32 32s32-14.33 32-32V256C448 238.3 433.7 224 416 224zM320 352c17.69 0 32-14.33 32-32V224c0-17.67-14.31-32-32-32s-32 14.33-32 32v96C288 337.7 302.3 352 320 352zM368 361.9C356.3 375.3 339.2 384 320 384c-27.41 0-50.62-17.32-59.73-41.55c-7.059 21.41-23.9 39.23-47.08 46.36l-47.96 14.76c-1.562 .4807-3.147 .7105-4.707 .7105c-6.282 0-12.18-3.723-14.74-9.785c-.8595-2.038-1.264-4.145-1.264-6.213c0-6.79 4.361-13.16 11.3-15.3l46.45-14.29c17.2-5.293 29.76-20.98 29.76-38.63c0-34.19-32.54-40.07-40.02-40.07c-3.89 0-7.848 .5712-11.76 1.772l-104 32c-18.23 5.606-28.25 22.21-28.25 38.22c0 4.266 .6825 8.544 2.058 12.67L68.19 419C86.71 474.5 138.7 512 197.2 512H272c82.54 0 151.8-57.21 170.7-134C434.6 381.8 425.6 384 416 384C396.8 384 379.7 375.3 368 361.9z\"><\/path><\/svg><\/div><div class=\"uagb-ifb-title-wrap\"><h5 class=\"uagb-ifb-title\">Direito Familiarista<\/h5><\/div><p class=\"uagb-ifb-desc\">Seu apoio legal em momentos de recome\u00e7o e transi\u00e7\u00e3o.<\/p><\/div><\/div>\n<\/div>\n\n\n\n<div class=\"wp-block-uagb-container uagb-block-9492f80c\">\n<div data-aos= \"fade-left\" data-aos-duration=\"400\" data-aos-delay=\"0\" data-aos-easing=\"ease\" data-aos-once=\"true\" class=\"wp-block-uagb-info-box uagb-block-184a9d94 uagb-infobox__content-wrap  uagb-infobox-icon-above-title uagb-infobox-image-valign-top\"><div class=\"uagb-ifb-content\"><div class=\"uagb-ifb-icon-wrap\"><svg xmlns=\"https:\/\/www.w3.org\/2000\/svg\" viewBox=\"0 0 512 512\"><path d=\"M490.3 40.4C512.2 62.27 512.2 97.73 490.3 119.6L460.3 149.7L362.3 51.72L392.4 21.66C414.3-.2135 449.7-.2135 471.6 21.66L490.3 40.4zM172.4 241.7L339.7 74.34L437.7 172.3L270.3 339.6C264.2 345.8 256.7 350.4 248.4 353.2L159.6 382.8C150.1 385.6 141.5 383.4 135 376.1C128.6 370.5 126.4 361 129.2 352.4L158.8 263.6C161.6 255.3 166.2 247.8 172.4 241.7V241.7zM192 63.1C209.7 63.1 224 78.33 224 95.1C224 113.7 209.7 127.1 192 127.1H96C78.33 127.1 64 142.3 64 159.1V416C64 433.7 78.33 448 96 448H352C369.7 448 384 433.7 384 416V319.1C384 302.3 398.3 287.1 416 287.1C433.7 287.1 448 302.3 448 319.1V416C448 469 405 512 352 512H96C42.98 512 0 469 0 416V159.1C0 106.1 42.98 63.1 96 63.1H192z\"><\/path><\/svg><\/div><div class=\"uagb-ifb-title-wrap\"><h5 class=\"uagb-ifb-title\">Direito Previdenci\u00e1rio<\/h5><\/div><p class=\"uagb-ifb-desc\">Seu futuro garantido: Aposentadoria \u00e9 um direito, n\u00e3o um sorteio.<\/p><\/div><\/div>\n<\/div>\n\n\n\n<div class=\"wp-block-uagb-container uagb-block-0eefcdf0\">\n<div data-aos= \"fade-left\" data-aos-duration=\"400\" data-aos-delay=\"0\" data-aos-easing=\"ease\" data-aos-once=\"true\" class=\"wp-block-uagb-info-box uagb-block-0dc1d00b uagb-infobox__content-wrap  uagb-infobox-icon-above-title uagb-infobox-image-valign-top\"><div class=\"uagb-ifb-content\"><div class=\"uagb-ifb-icon-wrap\"><svg xmlns=\"https:\/\/www.w3.org\/2000\/svg\" viewBox=\"0 0 640 512\"><path d=\"M0 383.9l64 .0404c17.75 0 32-14.29 32-32.03V128.3L0 128.3V383.9zM48 320.1c8.75 0 16 7.118 16 15.99c0 8.742-7.25 15.99-16 15.99S32 344.8 32 336.1C32 327.2 39.25 320.1 48 320.1zM348.8 64c-7.941 0-15.66 2.969-21.52 8.328L228.9 162.3C228.8 162.5 228.8 162.7 228.6 162.7C212 178.3 212.3 203.2 226.5 218.7c12.75 13.1 39.38 17.62 56.13 2.75C282.8 221.3 282.9 221.3 283 221.2l79.88-73.1c6.5-5.871 16.75-5.496 22.62 1c6 6.496 5.5 16.62-1 22.62l-26.12 23.87L504 313.7c2.875 2.496 5.5 4.996 7.875 7.742V127.1c-40.98-40.96-96.48-63.88-154.4-63.88L348.8 64zM334.6 217.4l-30 27.49c-29.75 27.11-75.25 24.49-101.8-4.371C176 211.2 178.1 165.7 207.3 138.9L289.1 64H282.5C224.7 64 169.1 87.08 128.2 127.9L128 351.8l18.25 .0369l90.5 81.82c27.5 22.37 67.75 18.12 90-9.246l18.12 15.24c15.88 12.1 39.38 10.5 52.38-5.371l31.38-38.6l5.374 4.498c13.75 11 33.88 9.002 45-4.748l9.538-11.78c11.12-13.75 9.036-33.78-4.694-44.93L334.6 217.4zM544 128.4v223.6c0 17.62 14.25 32.05 31.1 32.05L640 384V128.1L544 128.4zM592 352c-8.75 0-16-7.246-16-15.99c0-8.875 7.25-15.99 16-15.99S608 327.2 608 336.1C608 344.8 600.8 352 592 352z\"><\/path><\/svg><\/div><div class=\"uagb-ifb-title-wrap\"><h5 class=\"uagb-ifb-title\">Direito Trabalhista<\/h5><\/div><p class=\"uagb-ifb-desc\">Trabalhador ou empregador? Seu suporte legal est\u00e1 aqui.<\/p><\/div><\/div>\n<\/div>\n\n\n\n<div data-aos= \"fade-left\" data-aos-duration=\"400\" data-aos-delay=\"0\" data-aos-easing=\"ease\" data-aos-once=\"true\" class=\"wp-block-uagb-container uagb-block-8f1615d0\">\n<div class=\"wp-block-uagb-info-box uagb-block-48b6cdd0 uagb-infobox__content-wrap  uagb-infobox-icon-above-title uagb-infobox-image-valign-top\"><div class=\"uagb-ifb-content\"><div class=\"uagb-ifb-icon-wrap\"><svg xmlns=\"https:\/\/www.w3.org\/2000\/svg\" viewBox=\"0 0 512 512\"><path d=\"M480 32H128C110.3 32 96 46.33 96 64v336C96 408.8 88.84 416 80 416S64 408.8 64 400V96H32C14.33 96 0 110.3 0 128v288c0 35.35 28.65 64 64 64h384c35.35 0 64-28.65 64-64V64C512 46.33 497.7 32 480 32zM272 416h-96C167.2 416 160 408.8 160 400C160 391.2 167.2 384 176 384h96c8.836 0 16 7.162 16 16C288 408.8 280.8 416 272 416zM272 320h-96C167.2 320 160 312.8 160 304C160 295.2 167.2 288 176 288h96C280.8 288 288 295.2 288 304C288 312.8 280.8 320 272 320zM432 416h-96c-8.836 0-16-7.164-16-16c0-8.838 7.164-16 16-16h96c8.836 0 16 7.162 16 16C448 408.8 440.8 416 432 416zM432 320h-96C327.2 320 320 312.8 320 304C320 295.2 327.2 288 336 288h96C440.8 288 448 295.2 448 304C448 312.8 440.8 320 432 320zM448 208C448 216.8 440.8 224 432 224h-256C167.2 224 160 216.8 160 208v-96C160 103.2 167.2 96 176 96h256C440.8 96 448 103.2 448 112V208z\"><\/path><\/svg><\/div><div class=\"uagb-ifb-title-wrap\"><h5 class=\"uagb-ifb-title\">Partilha de Bens<\/h5><\/div><p class=\"uagb-ifb-desc\">Proteja o seu patrimonio de forma clara e segura. <\/p><\/div><\/div>\n<\/div>\n<\/div>\n<\/div><\/div>\n\n\n\n<div class=\"wp-block-uagb-container uagb-block-705485be alignfull uagb-is-root-container\"><div class=\"uagb-container-inner-blocks-wrap\">\n<div data-aos= \"fade-down\" data-aos-duration=\"400\" data-aos-delay=\"0\" data-aos-easing=\"ease\" data-aos-once=\"true\" class=\"wp-block-uagb-container uagb-block-86b54a4b\">\n<div class=\"wp-block-uagb-container uagb-block-d65ed08b\">\n<div class=\"wp-block-uagb-info-box uagb-block-0ba177fd uagb-infobox__content-wrap  uagb-infobox-icon-above-title uagb-infobox-image-valign-top\"><div class=\"uagb-ifb-content\"><div class=\"uagb-ifb-icon-wrap\"><svg xmlns=\"https:\/\/www.w3.org\/2000\/svg\" viewBox=\"0 0 512 512\"><path d=\"M255.1 192H.1398C2.741 117.9 41.34 52.95 98.98 14.1C112.2 5.175 129.8 9.784 138.9 22.92L255.1 192zM384 160C384 124.7 412.7 96 448 96H480C497.7 96 512 110.3 512 128C512 145.7 497.7 160 480 160H448V224C448 249.2 442.2 274.2 430.9 297.5C419.7 320.8 403.2 341.9 382.4 359.8C361.6 377.6 336.9 391.7 309.7 401.4C282.5 411 253.4 416 223.1 416C194.6 416 165.5 411 138.3 401.4C111.1 391.7 86.41 377.6 65.61 359.8C44.81 341.9 28.31 320.8 17.05 297.5C5.794 274.2 0 249.2 0 224H384L384 160zM31.1 464C31.1 437.5 53.49 416 79.1 416C106.5 416 127.1 437.5 127.1 464C127.1 490.5 106.5 512 79.1 512C53.49 512 31.1 490.5 31.1 464zM416 464C416 490.5 394.5 512 368 512C341.5 512 320 490.5 320 464C320 437.5 341.5 416 368 416C394.5 416 416 437.5 416 464z\"><\/path><\/svg><\/div><div class=\"uagb-ifb-title-wrap\"><h3 class=\"uagb-ifb-title\">Direito Familiarista<\/h3><\/div><p class=\"uagb-ifb-desc\">Entendemos que quest\u00f5es familiares exigem n\u00e3o apenas t\u00e9cnica jur\u00eddica, mas tamb\u00e9m sensibilidade. Atuamos na resolu\u00e7\u00e3o de conflitos envolvendo div\u00f3rcios, guarda, pens\u00e3o aliment\u00edcia e partilha de bens. Na \u00e1rea de sucess\u00f5es, conduzimos invent\u00e1rios (judiciais e extrajudiciais) com agilidade, preservando o patrim\u00f4nio e a harmonia&nbsp;familiar.<\/p><\/div><\/div>\n<\/div>\n\n\n\n<div data-aos= \"fade-down\" data-aos-duration=\"400\" data-aos-delay=\"0\" data-aos-easing=\"ease\" data-aos-once=\"true\" class=\"wp-block-uagb-container uagb-block-a0eed7fd\">\n<div class=\"wp-block-uagb-image uagb-block-6aad16cd wp-block-uagb-image--layout-default wp-block-uagb-image--effect-static wp-block-uagb-image--align-none\"><figure class=\"wp-block-uagb-image__figure\"><img decoding=\"async\" srcset=\"https:\/\/italopacheco.com.br\/wp-content\/uploads\/2025\/12\/pexels-photo-1682497-1682497-1024x683.jpg ,https:\/\/italopacheco.com.br\/wp-content\/uploads\/2025\/12\/pexels-photo-1682497-1682497-scaled.jpg 780w, https:\/\/italopacheco.com.br\/wp-content\/uploads\/2025\/12\/pexels-photo-1682497-1682497-scaled.jpg 360w\" sizes=\"auto, (max-width: 480px) 150px\" src=\"https:\/\/italopacheco.com.br\/wp-content\/uploads\/2025\/12\/pexels-photo-1682497-1682497-1024x683.jpg\" alt=\"A family of four walks hand in hand on a path, enjoying a sunny day outdoors.\" class=\"uag-image-1259\" width=\"1024\" height=\"683\" title=\"pexels photo 1682497 1682497\" loading=\"lazy\" role=\"img\"\/><\/figure><\/div>\n<\/div>\n<\/div>\n\n\n\n<div data-aos= \"fade-down\" data-aos-duration=\"400\" data-aos-delay=\"0\" data-aos-easing=\"ease\" data-aos-once=\"true\" class=\"wp-block-uagb-container uagb-block-d52df2a7\">\n<div data-aos= \"fade-down\" data-aos-duration=\"400\" data-aos-delay=\"0\" data-aos-easing=\"ease\" data-aos-once=\"true\" class=\"wp-block-uagb-container uagb-block-f8f41484\">\n<div class=\"wp-block-uagb-image uagb-block-6127ac8e wp-block-uagb-image--layout-default wp-block-uagb-image--effect-static wp-block-uagb-image--align-none\"><figure class=\"wp-block-uagb-image__figure\"><img decoding=\"async\" srcset=\"https:\/\/italopacheco.com.br\/wp-content\/uploads\/2025\/12\/old-people-couple-together-connected-34761-1024x678.jpg ,https:\/\/italopacheco.com.br\/wp-content\/uploads\/2025\/12\/old-people-couple-together-connected-34761-scaled.jpg 780w, https:\/\/italopacheco.com.br\/wp-content\/uploads\/2025\/12\/old-people-couple-together-connected-34761-scaled.jpg 360w\" sizes=\"auto, (max-width: 480px) 150px\" src=\"https:\/\/italopacheco.com.br\/wp-content\/uploads\/2025\/12\/old-people-couple-together-connected-34761-1024x678.jpg\" alt=\"A happy elderly couple sharing a joyful moment on a swing in autumn setting.\" class=\"uag-image-1258\" width=\"1024\" height=\"678\" title=\"old people couple together connected 34761\" loading=\"lazy\" role=\"img\"\/><\/figure><\/div>\n<\/div>\n\n\n\n<div class=\"wp-block-uagb-container uagb-block-45a814d2\">\n<div class=\"wp-block-uagb-info-box uagb-block-d50220a0 uagb-infobox__content-wrap  uagb-infobox-icon-above-title uagb-infobox-image-valign-top\"><div class=\"uagb-ifb-content\"><div class=\"uagb-ifb-icon-wrap\"><svg xmlns=\"https:\/\/www.w3.org\/2000\/svg\" viewBox=\"0 0 576 512\"><path d=\"M512 32H64C28.65 32 0 60.65 0 96v320c0 35.35 28.65 64 64 64h448c35.35 0 64-28.65 64-64V96C576 60.65 547.3 32 512 32zM176 128c35.35 0 64 28.65 64 64s-28.65 64-64 64s-64-28.65-64-64S140.7 128 176 128zM272 384h-192C71.16 384 64 376.8 64 368C64 323.8 99.82 288 144 288h64c44.18 0 80 35.82 80 80C288 376.8 280.8 384 272 384zM496 320h-128C359.2 320 352 312.8 352 304S359.2 288 368 288h128C504.8 288 512 295.2 512 304S504.8 320 496 320zM496 256h-128C359.2 256 352 248.8 352 240S359.2 224 368 224h128C504.8 224 512 231.2 512 240S504.8 256 496 256zM496 192h-128C359.2 192 352 184.8 352 176S359.2 160 368 160h128C504.8 160 512 167.2 512 176S504.8 192 496 192z\"><\/path><\/svg><\/div><div class=\"uagb-ifb-title-wrap\"><h3 class=\"uagb-ifb-title\">Direito Previdenci\u00e1rio<\/h3><\/div><p class=\"uagb-ifb-desc\">O INSS nem sempre facilita o acesso aos seus direitos. Nossa miss\u00e3o \u00e9 garantir a melhor aposentadoria ou benef\u00edcio poss\u00edvel para o seu caso. Realizamos desde o planejamento previdenci\u00e1rio (c\u00e1lculos para se aposentar na hora certa) at\u00e9 a revers\u00e3o de benef\u00edcios negados, como aux\u00edlio-doen\u00e7a, BPC\/LOAS e aposentadorias especiais.<\/p><\/div><\/div>\n<\/div>\n<\/div>\n\n\n\n<div data-aos= \"fade-down\" data-aos-duration=\"400\" data-aos-delay=\"0\" data-aos-easing=\"ease\" data-aos-once=\"true\" class=\"wp-block-uagb-container uagb-block-322967ec\">\n<div class=\"wp-block-uagb-container uagb-block-832bb1ce\">\n<div class=\"wp-block-uagb-info-box uagb-block-a3ec1df4 uagb-infobox__content-wrap  uagb-infobox-icon-above-title uagb-infobox-image-valign-top\"><div class=\"uagb-ifb-content\"><div class=\"uagb-ifb-icon-wrap\"><svg xmlns=\"https:\/\/www.w3.org\/2000\/svg\" viewBox=\"0 0 640 512\"><path d=\"M400 0C426.5 0 448 21.49 448 48V144C448 170.5 426.5 192 400 192H352V224H608C625.7 224 640 238.3 640 256C640 273.7 625.7 288 608 288H512V320H560C586.5 320 608 341.5 608 368V464C608 490.5 586.5 512 560 512H400C373.5 512 352 490.5 352 464V368C352 341.5 373.5 320 400 320H448V288H192V320H240C266.5 320 288 341.5 288 368V464C288 490.5 266.5 512 240 512H80C53.49 512 32 490.5 32 464V368C32 341.5 53.49 320 80 320H128V288H32C14.33 288 0 273.7 0 256C0 238.3 14.33 224 32 224H288V192H240C213.5 192 192 170.5 192 144V48C192 21.49 213.5 0 240 0H400zM256 64V128H384V64H256zM224 448V384H96V448H224zM416 384V448H544V384H416z\"><\/path><\/svg><\/div><div class=\"uagb-ifb-title-wrap\"><h3 class=\"uagb-ifb-title\">Direito Trabalhista<\/h3><\/div><p class=\"uagb-ifb-desc\">Atuamos de forma estrat\u00e9gica em ambas as pontas da rela\u00e7\u00e3o trabalhista.<br>Para o Trabalhador: Lutamos para que seus direitos sejam integralmente respeitados, atuando em casos de rescis\u00e3o indireta, horas extras, acidentes de trabalho e ass\u00e9dio.<br><br>Para Empresas: Oferecemos consultoria preventiva para evitar passivos e defesa t\u00e9cnica robusta em reclama\u00e7\u00f5es trabalhistas, garantindo seguran\u00e7a jur\u00eddica para o seu neg\u00f3cio.<\/p><\/div><\/div>\n<\/div>\n\n\n\n<div class=\"wp-block-uagb-container uagb-block-fdda1b4d\">\n<div class=\"wp-block-uagb-image uagb-block-ee246e8e wp-block-uagb-image--layout-default wp-block-uagb-image--effect-static wp-block-uagb-image--align-none\"><figure class=\"wp-block-uagb-image__figure\"><img decoding=\"async\" srcset=\"https:\/\/italopacheco.com.br\/wp-content\/uploads\/2025\/12\/pexels-photo-8112172-8112172-1024x684.jpg ,https:\/\/italopacheco.com.br\/wp-content\/uploads\/2025\/12\/pexels-photo-8112172-8112172-scaled.jpg 780w, https:\/\/italopacheco.com.br\/wp-content\/uploads\/2025\/12\/pexels-photo-8112172-8112172-scaled.jpg 360w\" sizes=\"auto, (max-width: 480px) 150px\" src=\"https:\/\/italopacheco.com.br\/wp-content\/uploads\/2025\/12\/pexels-photo-8112172-8112172-1024x684.jpg\" alt=\"Close-up of a handshake between two professionals in a modern office setting, emphasizing partnership and agreement.\" class=\"uag-image-1257\" width=\"1024\" height=\"684\" title=\"pexels photo 8112172 8112172\" loading=\"lazy\" role=\"img\"\/><\/figure><\/div>\n<\/div>\n<\/div>\n<\/div><\/div>\n\n\n\n<div data-aos= \"zoom-out\" data-aos-duration=\"400\" data-aos-delay=\"0\" data-aos-easing=\"ease\" data-aos-once=\"true\" class=\"wp-block-uagb-container uagb-block-7b4daec9 alignfull uagb-is-root-container\"><div class=\"uagb-container-inner-blocks-wrap\">\n<div class=\"wp-block-uagb-info-box uagb-block-b0ed65ac uagb-infobox__content-wrap  uagb-infobox-icon-above-title uagb-infobox-image-valign-top\"><div class=\"uagb-ifb-content\"><div class=\"uagb-ifb-title-wrap\"><h3 class=\"uagb-ifb-title\"><em>Permita-me lutar por voc\u00ea. <\/em><\/h3><\/div><\/div><\/div>\n\n\n<div class=\"latepoint-book-button-wrapper wp-block-button latepoint-book-button-align-center\"><a href=\"#\" class=\"latepoint-book-button os_trigger_booking wp-block-button__link latepoint-book-button-4pflbya0o-1744789230392\" style=\"font-size: 28px\" >Agendar consultoria<\/a><\/div><\/div><\/div>\n\n\n\n<p><\/p>\n","protected":false},"excerpt":{"rendered":"<p>\u00c1reas de atua\u00e7\u00e3o Porqu\u00ea voc\u00ea precisa de um bom advogado? &#8220;A lei \u00e9 fria, mas a vida n\u00e3o&#8221; O sistema judici\u00e1rio \u00e9 feito de pap\u00e9is, prazos e normas r\u00edgidas. No entanto, o seu problema \u00e9 feito de noites mal dormidas, ang\u00fastia e esperan\u00e7a. Um advogado emp\u00e1tico n\u00e3o v\u00ea apenas um &#8220;n\u00famero de processo&#8221;. Ele enxerga [&hellip;]<\/p>\n","protected":false},"author":1,"featured_media":0,"parent":0,"menu_order":0,"comment_status":"closed","ping_status":"closed","template":"","meta":{"om_disable_all_campaigns":false,"_uag_custom_page_level_css":"","_monsterinsights_skip_tracking":false,"_monsterinsights_sitenote_active":false,"_monsterinsights_sitenote_note":"","_monsterinsights_sitenote_category":0,"site-sidebar-layout":"no-sidebar","site-content-layout":"plain-container","ast-site-content-layout":"normal-width-container","site-content-style":"unboxed","site-sidebar-style":"unboxed","ast-global-header-display":"","ast-banner-title-visibility":"","ast-main-header-display":"","ast-hfb-above-header-display":"","ast-hfb-below-header-display":"","ast-hfb-mobile-header-display":"","site-post-title":"disabled","ast-breadcrumbs-content":"","ast-featured-img":"disabled","footer-sml-layout":"","ast-disable-related-posts":"","theme-transparent-header-meta":"enabled","adv-header-id-meta":"","stick-header-meta":"","header-above-stick-meta":"","header-main-stick-meta":"","header-below-stick-meta":"","astra-migrate-meta-layouts":"set","ast-page-background-enabled":"default","ast-page-background-meta":{"desktop":{"background-color":"var(--ast-global-color-4)","background-image":"","background-repeat":"repeat","background-position":"center center","background-size":"auto","background-attachment":"scroll","background-type":"","background-media":"","overlay-type":"","overlay-color":"","overlay-opacity":"","overlay-gradient":""},"tablet":{"background-color":"","background-image":"","background-repeat":"repeat","background-position":"center center","background-size":"auto","background-attachment":"scroll","background-type":"","background-media":"","overlay-type":"","overlay-color":"","overlay-opacity":"","overlay-gradient":""},"mobile":{"background-color":"","background-image":"","background-repeat":"repeat","background-position":"center center","background-size":"auto","background-attachment":"scroll","background-type":"","background-media":"","overlay-type":"","overlay-color":"","overlay-opacity":"","overlay-gradient":""}},"ast-content-background-meta":{"desktop":{"background-color":"var(--ast-global-color-5)","background-image":"","background-repeat":"repeat","background-position":"center center","background-size":"auto","background-attachment":"scroll","background-type":"","background-media":"","overlay-type":"","overlay-color":"","overlay-opacity":"","overlay-gradient":""},"tablet":{"background-color":"var(--ast-global-color-5)","background-image":"","background-repeat":"repeat","background-position":"center center","background-size":"auto","background-attachment":"scroll","background-type":"","background-media":"","overlay-type":"","overlay-color":"","overlay-opacity":"","overlay-gradient":""},"mobile":{"background-color":"var(--ast-global-color-5)","background-image":"","background-repeat":"repeat","background-position":"center center","background-size":"auto","background-attachment":"scroll","background-type":"","background-media":"","overlay-type":"","overlay-color":"","overlay-opacity":"","overlay-gradient":""}},"footnotes":""},"class_list":["post-1186","page","type-page","status-publish","hentry"],"aioseo_notices":[],"_hostinger_reach_plugin_has_subscription_block":false,"_hostinger_reach_plugin_is_elementor":false,"uagb_featured_image_src":{"full":false,"thumbnail":false,"medium":false,"medium_large":false,"large":false,"1536x1536":false,"2048x2048":false},"uagb_author_info":{"display_name":"gadrekarina@gmail.com","author_link":"https:\/\/italopacheco.com.br\/?author=1"},"uagb_comment_info":0,"uagb_excerpt":"\u00c1reas de atua\u00e7\u00e3o Porqu\u00ea voc\u00ea precisa de um bom advogado? &#8220;A lei \u00e9 fria, mas a vida n\u00e3o&#8221; O sistema judici\u00e1rio \u00e9 feito de pap\u00e9is, prazos e normas r\u00edgidas. No entanto, o seu problema \u00e9 feito de noites mal dormidas, ang\u00fastia e esperan\u00e7a. Um advogado emp\u00e1tico n\u00e3o v\u00ea apenas um &#8220;n\u00famero de processo&#8221;. Ele enxerga&hellip;","_links":{"self":[{"href":"https:\/\/italopacheco.com.br\/index.php?rest_route=\/wp\/v2\/pages\/1186","targetHints":{"allow":["GET"]}}],"collection":[{"href":"https:\/\/italopacheco.com.br\/index.php?rest_route=\/wp\/v2\/pages"}],"about":[{"href":"https:\/\/italopacheco.com.br\/index.php?rest_route=\/wp\/v2\/types\/page"}],"author":[{"embeddable":true,"href":"https:\/\/italopacheco.com.br\/index.php?rest_route=\/wp\/v2\/users\/1"}],"replies":[{"embeddable":true,"href":"https:\/\/italopacheco.com.br\/index.php?rest_route=%2Fwp%2Fv2%2Fcomments&post=1186"}],"version-history":[{"count":32,"href":"https:\/\/italopacheco.com.br\/index.php?rest_route=\/wp\/v2\/pages\/1186\/revisions"}],"predecessor-version":[{"id":1491,"href":"https:\/\/italopacheco.com.br\/index.php?rest_route=\/wp\/v2\/pages\/1186\/revisions\/1491"}],"wp:attachment":[{"href":"https:\/\/italopacheco.com.br\/index.php?rest_route=%2Fwp%2Fv2%2Fmedia&parent=1186"}],"curies":[{"name":"wp","href":"https:\/\/api.w.org\/{rel}","templated":true}]}}